{"id":1,"date":"2014-02-20T11:06:32","date_gmt":"2014-02-20T11:06:32","guid":{"rendered":"https:\/\/2014-ca.mallorca.wordcamp.org\/schedule\/"},"modified":"2014-10-02T17:53:35","modified_gmt":"2014-10-02T17:53:35","slug":"programa","status":"publish","type":"page","link":"https:\/\/mallorca.wordcamp.org\/2014-ca\/programa\/","title":{"rendered":"Programa"},"content":{"rendered":"<p>Aquests s\u00f3n els horaris detallats de les sessions programades per a l&#8217;esdeveniment. Les hores no s\u00f3n definitives; poden partir canvis. En cas que es canvi\u00efn, vos n&#8217;informarem.<\/p>\n<h3>Divendres 31 d&#8217;octubre<\/h3>\n<table class=\"wcpt-schedule\" border=\"0\"><thead><tr><th class=\"wcpt-col-time\">Time<\/th><th class=\"wcpt-col-track\"> <span class=\"wcpt-track-name\">Auditorium<\/span> <span class=\"wcpt-track-description\"><\/span> <\/th><th class=\"wcpt-col-track\"> <span class=\"wcpt-track-name\">Sala 2<\/span> <span class=\"wcpt-track-description\"><\/span> <\/th><\/tr><\/thead><tbody><tr class=\"wcpt-time-800am global-session registre\"><td class=\"wcpt-time\">8:00&nbsp;am<\/td><td colspan=\"2\" class=\"wcb-track-auditorium wcb-track-sala-2 wcpt-session-type-custom wcb-session-registre\" data-track-title=\"Auditorium, Sala 2\" data-session-id=\"8959\"><div class=\"wcb-session-cell-content\"><span class=\"wcpt-session-title\">Registre<\/span><\/div><\/td><\/tr><tr class=\"wcpt-time-900am\"><td class=\"wcpt-time\">9:00&nbsp;am<\/td><td colspan=\"1\" class=\"wcb-track-auditorium wcpt-session-type-custom wcb-session-benvinguda\" data-track-title=\"Auditorium\" data-session-id=\"8961\"><div class=\"wcb-session-cell-content\"><span class=\"wcpt-session-title\">Benvinguda<\/span><\/div><\/td><td class=\"wcpt-session-empty\"><\/td><\/tr><tr class=\"wcpt-time-915am\"><td class=\"wcpt-time\">9:15&nbsp;am<\/td><td colspan=\"1\" class=\"wcb-track-auditorium wcpt-session-type-session wcb-session-wordpress-per-a-editorials\" data-track-title=\"Auditorium\" data-session-id=\"8963\"><div class=\"wcb-session-cell-content\"><a class=\"wcpt-session-title\" href=\"https:\/\/mallorca.wordcamp.org\/2014-ca\/session\/wordpress-per-a-editorials\/\">WordPress per a editorials<\/a><\/div><div class=\"wcb-session-favourite-icon\"><a href=\"#\" role=\"button\" class=\"fav-session-button\" aria-pressed=\"false\"><span class=\"screen-reader-text\">Favorite session: WordPress per a editorials<\/span><span class=\"dashicons dashicons-star-filled\"><\/span><\/a><\/div><\/td><td colspan=\"1\" class=\"wcb-speaker-juanjo-buendia wcb-track-sala-2 wcpt-session-type-session wcb-session-contingut-de-qualitat-a-wordpress\" data-track-title=\"Sala 2\" data-session-id=\"8989\"><div class=\"wcb-session-cell-content\"><a class=\"wcpt-session-title\" href=\"https:\/\/mallorca.wordcamp.org\/2014-ca\/session\/contingut-de-qualitat-a-wordpress\/\">Contingut de qualitat a WordPress<\/a> <span class=\"wcpt-session-speakers\"><a href=\"https:\/\/mallorca.wordcamp.org\/2014-ca\/ponents\/#wcorg-speaker-juanjo-buendia\">Juanjo Buend\u00eda<\/a><\/span><\/div><div class=\"wcb-session-favourite-icon\"><a href=\"#\" role=\"button\" class=\"fav-session-button\" aria-pressed=\"false\"><span class=\"screen-reader-text\">Favorite session: Contingut de qualitat a WordPress<\/span><span class=\"dashicons dashicons-star-filled\"><\/span><\/a><\/div><\/td><\/tr><tr class=\"wcpt-time-1000am\"><td class=\"wcpt-time\">10:00&nbsp;am<\/td><td colspan=\"1\" class=\"wcb-speaker-amit-kvint wcb-track-auditorium wcpt-session-type-session wcb-session-wordpress-multillenguatge\" data-track-title=\"Auditorium\" data-session-id=\"8969\"><div class=\"wcb-session-cell-content\"><a class=\"wcpt-session-title\" href=\"https:\/\/mallorca.wordcamp.org\/2014-ca\/session\/wordpress-multillenguatge\/\">WordPress Multillenguatge<\/a> <span class=\"wcpt-session-speakers\"><a href=\"https:\/\/mallorca.wordcamp.org\/2014-ca\/ponents\/#wcorg-speaker-amit-kvint\">Amit Kvint<\/a><\/span><\/div><div class=\"wcb-session-favourite-icon\"><a href=\"#\" role=\"button\" class=\"fav-session-button\" aria-pressed=\"false\"><span class=\"screen-reader-text\">Favorite session: WordPress Multillenguatge<\/span><span class=\"dashicons dashicons-star-filled\"><\/span><\/a><\/div><\/td><td colspan=\"1\" class=\"wcb-track-sala-2 wcpt-session-type-session wcb-session-exercicis-per-a-programadors\" data-track-title=\"Sala 2\" data-session-id=\"8965\"><div class=\"wcb-session-cell-content\"><a class=\"wcpt-session-title\" href=\"https:\/\/mallorca.wordcamp.org\/2014-ca\/session\/exercicis-per-a-programadors\/\">Exercicis per a programadors<\/a><\/div><div class=\"wcb-session-favourite-icon\"><a href=\"#\" role=\"button\" class=\"fav-session-button\" aria-pressed=\"false\"><span class=\"screen-reader-text\">Favorite session: Exercicis per a programadors<\/span><span class=\"dashicons dashicons-star-filled\"><\/span><\/a><\/div><\/td><\/tr><tr class=\"wcpt-time-1100am global-session descans\"><td class=\"wcpt-time\">11:00&nbsp;am<\/td><td colspan=\"2\" class=\"wcb-track-auditorium wcb-track-sala-2 wcpt-session-type-custom wcb-session-descans\" data-track-title=\"Auditorium, Sala 2\" data-session-id=\"8967\"><div class=\"wcb-session-cell-content\"><span class=\"wcpt-session-title\">Descans<\/span><\/div><\/td><\/tr><tr class=\"wcpt-time-1115am\"><td class=\"wcpt-time\">11:15&nbsp;am<\/td><td colspan=\"1\" class=\"wcb-speaker-marco-fanton wcb-track-auditorium wcpt-session-type-session wcb-session-wordpress-com-appengine\" data-track-title=\"Auditorium\" data-session-id=\"8981\"><div class=\"wcb-session-cell-content\"><a class=\"wcpt-session-title\" href=\"https:\/\/mallorca.wordcamp.org\/2014-ca\/session\/wordpress-com-appengine\/\">WordPress com AppEngine<\/a> <span class=\"wcpt-session-speakers\"><a href=\"https:\/\/mallorca.wordcamp.org\/2014-ca\/ponents\/#wcorg-speaker-marco-fanton\">Marco Fanton<\/a><\/span><\/div><div class=\"wcb-session-favourite-icon\"><a href=\"#\" role=\"button\" class=\"fav-session-button\" aria-pressed=\"false\"><span class=\"screen-reader-text\">Favorite session: WordPress com AppEngine<\/span><span class=\"dashicons dashicons-star-filled\"><\/span><\/a><\/div><\/td><td colspan=\"1\" class=\"wcb-speaker-pedro-serrano wcb-track-sala-2 wcpt-session-type-session wcb-session-accessibilitat-per-a-discapacitats\" data-track-title=\"Sala 2\" data-session-id=\"8985\"><div class=\"wcb-session-cell-content\"><a class=\"wcpt-session-title\" href=\"https:\/\/mallorca.wordcamp.org\/2014-ca\/session\/accessibilitat-per-a-discapacitats\/\">Accessibilitat per a discapacitats<\/a> <span class=\"wcpt-session-speakers\"><a href=\"https:\/\/mallorca.wordcamp.org\/2014-ca\/ponents\/#wcorg-speaker-pedro-serrano\">Pedro Serrano<\/a><\/span><\/div><div class=\"wcb-session-favourite-icon\"><a href=\"#\" role=\"button\" class=\"fav-session-button\" aria-pressed=\"false\"><span class=\"screen-reader-text\">Favorite session: Accessibilitat per a discapacitats<\/span><span class=\"dashicons dashicons-star-filled\"><\/span><\/a><\/div><\/td><\/tr><tr class=\"wcpt-time-1200pm\"><td class=\"wcpt-time\">12:00&nbsp;pm<\/td><td colspan=\"1\" class=\"wcb-speaker-ricardo-gallir-por-confirmar wcb-speaker-gabriel-perez wcb-speaker-antoni-aloy wcb-track-auditorium wcpt-session-type-session wcb-session-seguretat-i-velocitat-a-wordpress\" data-track-title=\"Auditorium\" data-session-id=\"8977\"><div class=\"wcb-session-cell-content\"><a class=\"wcpt-session-title\" href=\"https:\/\/mallorca.wordcamp.org\/2014-ca\/session\/seguretat-i-velocitat-a-wordpress\/\">Seguretat i velocitat a WordPress<\/a> <span class=\"wcpt-session-speakers\"><a href=\"https:\/\/mallorca.wordcamp.org\/2014-ca\/ponents\/#wcorg-speaker-ricardo-gallir-por-confirmar\">Ricardo Gallir (Por confirmar)<\/a>, <a href=\"https:\/\/mallorca.wordcamp.org\/2014-ca\/ponents\/#wcorg-speaker-gabriel-perez\">Gabriel P\u00e9rez<\/a>, <a href=\"https:\/\/mallorca.wordcamp.org\/2014-ca\/ponents\/#wcorg-speaker-antoni-aloy\">Antoni Aloy<\/a><\/span><\/div><div class=\"wcb-session-favourite-icon\"><a href=\"#\" role=\"button\" class=\"fav-session-button\" aria-pressed=\"false\"><span class=\"screen-reader-text\">Favorite session: Seguretat i velocitat a WordPress<\/span><span class=\"dashicons dashicons-star-filled\"><\/span><\/a><\/div><\/td><td class=\"wcpt-session-empty\"><\/td><\/tr><tr class=\"wcpt-time-100pm global-session dinar\"><td class=\"wcpt-time\">1:00&nbsp;pm<\/td><td colspan=\"2\" class=\"wcb-track-auditorium wcb-track-sala-2 wcpt-session-type-custom wcb-session-dinar\" data-track-title=\"Auditorium, Sala 2\" data-session-id=\"8975\"><div class=\"wcb-session-cell-content\"><span class=\"wcpt-session-title\">Dinar<\/span><\/div><\/td><\/tr><tr class=\"wcpt-time-300pm\"><td class=\"wcpt-time\">3:00&nbsp;pm<\/td><td colspan=\"1\" class=\"wcb-speaker-jose-manuel-raya wcb-speaker-jorge-morell-ramos wcb-track-auditorium wcpt-session-type-session wcb-session-ecommerce-des-de-mallorca-per-al-mon\" data-track-title=\"Auditorium\" data-session-id=\"8979\"><div class=\"wcb-session-cell-content\"><a class=\"wcpt-session-title\" href=\"https:\/\/mallorca.wordcamp.org\/2014-ca\/session\/ecommerce-des-de-mallorca-per-al-mon\/\">eCommerce des de Mallorca per al m\u00f3n<\/a> <span class=\"wcpt-session-speakers\"><a href=\"https:\/\/mallorca.wordcamp.org\/2014-ca\/ponents\/#wcorg-speaker-jose-manuel-raya\">Jose Manuel Raya<\/a>, <a href=\"https:\/\/mallorca.wordcamp.org\/2014-ca\/ponents\/#wcorg-speaker-jorge-morell-ramos\">Jorge Morell Ramos<\/a><\/span><\/div><div class=\"wcb-session-favourite-icon\"><a href=\"#\" role=\"button\" class=\"fav-session-button\" aria-pressed=\"false\"><span class=\"screen-reader-text\">Favorite session: eCommerce des de Mallorca per al m\u00f3n<\/span><span class=\"dashicons dashicons-star-filled\"><\/span><\/a><\/div><\/td><td class=\"wcpt-session-empty\"><\/td><\/tr><tr class=\"wcpt-time-445pm\"><td class=\"wcpt-time\">4:45&nbsp;pm<\/td><td colspan=\"1\" class=\"wcb-speaker-damian-suarez wcb-track-auditorium wcpt-session-type-session wcb-session-wpcom-js\" data-track-title=\"Auditorium\" data-session-id=\"8983\"><div class=\"wcb-session-cell-content\"><a class=\"wcpt-session-title\" href=\"https:\/\/mallorca.wordcamp.org\/2014-ca\/session\/wpcom-js\/\">WP.COM REST-API i wpcom.js<\/a> <span class=\"wcpt-session-speakers\"><a href=\"https:\/\/mallorca.wordcamp.org\/2014-ca\/ponents\/#wcorg-speaker-damian-suarez\">Damian Suarez<\/a><\/span><\/div><div class=\"wcb-session-favourite-icon\"><a href=\"#\" role=\"button\" class=\"fav-session-button\" aria-pressed=\"false\"><span class=\"screen-reader-text\">Favorite session: WP.COM REST-API i wpcom.js<\/span><span class=\"dashicons dashicons-star-filled\"><\/span><\/a><\/div><\/td><td class=\"wcpt-session-empty\"><\/td><\/tr><tr class=\"wcpt-time-530pm\"><td class=\"wcpt-time\">5:30&nbsp;pm<\/td><td colspan=\"1\" class=\"wcb-speaker-tomeu-fiol wcb-speaker-gonzalo-coterillo wcb-speaker-jesus-cortes wcb-speaker-jordi-bayona wcb-speaker-marta-simonet wcb-track-auditorium wcpt-session-type-session wcb-session-blogejant-des-de-mallorca\" data-track-title=\"Auditorium\" data-session-id=\"8972\"><div class=\"wcb-session-cell-content\"><a class=\"wcpt-session-title\" href=\"https:\/\/mallorca.wordcamp.org\/2014-ca\/session\/blogejant-des-de-mallorca\/\">&#8216;Bloguejant&#8217; des de Mallorca<\/a> <span class=\"wcpt-session-speakers\"><a href=\"https:\/\/mallorca.wordcamp.org\/2014-ca\/ponents\/#wcorg-speaker-tomeu-fiol\">Tomeu Fiol<\/a>, <a href=\"https:\/\/mallorca.wordcamp.org\/2014-ca\/ponents\/#wcorg-speaker-gonzalo-coterillo\">Gonzalo Coterillo<\/a>, <a href=\"https:\/\/mallorca.wordcamp.org\/2014-ca\/ponents\/#wcorg-speaker-jesus-cortes\">Jes\u00fas Cort\u00e9s<\/a>, <a href=\"https:\/\/mallorca.wordcamp.org\/2014-ca\/ponents\/#wcorg-speaker-jordi-bayona\">Jordi Bayona<\/a>, <a href=\"https:\/\/mallorca.wordcamp.org\/2014-ca\/ponents\/#wcorg-speaker-marta-simonet\">Marta Simonet<\/a><\/span><\/div><div class=\"wcb-session-favourite-icon\"><a href=\"#\" role=\"button\" class=\"fav-session-button\" aria-pressed=\"false\"><span class=\"screen-reader-text\">Favorite session: &#8216;Bloguejant&#8217; des de Mallorca<\/span><span class=\"dashicons dashicons-star-filled\"><\/span><\/a><\/div><\/td><td class=\"wcpt-session-empty\"><\/td><\/tr><tr class=\"wcpt-time-700pm\"><td class=\"wcpt-time\">7:00&nbsp;pm<\/td><td colspan=\"1\" class=\"wcb-track-auditorium wcpt-session-type-session wcb-session-clausura\" data-track-title=\"Auditorium\" data-session-id=\"8987\"><div class=\"wcb-session-cell-content\"><a class=\"wcpt-session-title\" href=\"https:\/\/mallorca.wordcamp.org\/2014-ca\/session\/clausura\/\">Cloenda<\/a><\/div><div class=\"wcb-session-favourite-icon\"><a href=\"#\" role=\"button\" class=\"fav-session-button\" aria-pressed=\"false\"><span class=\"screen-reader-text\">Favorite session: Cloenda<\/span><span class=\"dashicons dashicons-star-filled\"><\/span><\/a><\/div><\/td><td class=\"wcpt-session-empty\"><\/td><\/tr><\/tbody><\/table>\n\t<div class=\"email-form fav-session-email-form-hide\">\n\t\t<!-- Tab links -->\n\t\t<div class=\"fav-session-share-tab\">\n\t\t\t\t\t\t\t<div class=\"fav-session-tablinks\" id=\"fav-session-btn-email\">\n\t\t\t\t\tEmail\t\t\t\t<\/div>\n\t\t\t\n\t\t\t<div class=\"fav-session-tablinks\" id=\"fav-session-btn-link\">\n\t\t\t\tLink\t\t\t<\/div>\n\n\t\t\t<div class=\"fav-session-tablinks\" id=\"fav-session-btn-print\">\n\t\t\t\tPrint\t\t\t<\/div>\n\t\t<\/div>\n\n\t\t<!-- Tab content -->\n\t\t\t\t\t<div id=\"fav-session-tab-email\" class=\"fav-session-share-tabcontent\">\n\t\t\t\t<div id=\"fav-session-email-form\">\n\t\t\t\t\tSend me my favorite sessions:\n\t\t\t\t\t<form id=\"fav-sessions-form\">\n\t\t\t\t\t\t<input\n\t\t\t\t\t\t\ttype=\"text\"\n\t\t\t\t\t\t\tname=\"email_address\"\n\t\t\t\t\t\t\tid=\"fav-sessions-email-address\"\n\t\t\t\t\t\t\tplaceholder=\"me@protonmail.com\"\n\t\t\t\t\t\t\/>\n\t\t\t\t\t\t<input type=\"submit\" value=\"Send\" \/>\n\t\t\t\t\t<\/form>\n\t\t\t\t<\/div>\n\n\t\t\t\t<div class=\"fav-session-email-wait-spinner\"><\/div>\n\t\t\t\t<div class=\"fav-session-email-result\"><\/div>\n\t\t\t<\/div>\n\t\t\n\t\t<div id=\"fav-session-tab-link\" class=\"fav-session-share-tabcontent\">\n\t\t\tShareable link:\t\t\t<br \/>\n\t\t\t<a id=\"fav-sessions-link\" href=\"\"><\/a>\n\t\t<\/div>\n\n\t\t<div id=\"fav-session-tab-print\" class=\"fav-session-share-tabcontent\">\n\t\t\t<button id=\"fav-session-print\">\n\t\t\t\tPrint favorite sessions\t\t\t<\/button>\n\t\t<\/div>\n\t<\/div>\n\n\t<a class=\"show-email-form\" href=\"javascript:\">\n\t\t<span class=\"dashicons dashicons-star-filled\"><\/span>\n\t\t<span class=\"dashicons dashicons-email-alt\"><\/span>\n\t<\/a>\n\n\t\n","protected":false},"excerpt":{"rendered":"<p>Aquests s\u00f3n els horaris detallats de les sessions programades per a l&#8217;esdeveniment. Les hores no s\u00f3n definitives; poden partir canvis. En cas que es canvi\u00efn, vos n&#8217;informarem. Divendres 31 d&#8217;octubre<\/p>\n","protected":false},"author":14045476,"featured_media":0,"parent":0,"menu_order":0,"comment_status":"open","ping_status":"closed","template":"","meta":{"jetpack_post_was_ever_published":false,"footnotes":""},"class_list":["post-1","page","type-page","status-publish","hentry"],"jetpack_shortlink":"https:\/\/wp.me\/P4mS43-1","jetpack_sharing_enabled":true,"_links":{"self":[{"href":"https:\/\/mallorca.wordcamp.org\/2014-ca\/wp-json\/wp\/v2\/pages\/1","targetHints":{"allow":["GET"]}}],"collection":[{"href":"https:\/\/mallorca.wordcamp.org\/2014-ca\/wp-json\/wp\/v2\/pages"}],"about":[{"href":"https:\/\/mallorca.wordcamp.org\/2014-ca\/wp-json\/wp\/v2\/types\/page"}],"author":[{"embeddable":true,"href":"https:\/\/mallorca.wordcamp.org\/2014-ca\/wp-json\/wp\/v2\/users\/14045476"}],"replies":[{"embeddable":true,"href":"https:\/\/mallorca.wordcamp.org\/2014-ca\/wp-json\/wp\/v2\/comments?post=1"}],"version-history":[{"count":3,"href":"https:\/\/mallorca.wordcamp.org\/2014-ca\/wp-json\/wp\/v2\/pages\/1\/revisions"}],"predecessor-version":[{"id":8944,"href":"https:\/\/mallorca.wordcamp.org\/2014-ca\/wp-json\/wp\/v2\/pages\/1\/revisions\/8944"}],"wp:attachment":[{"href":"https:\/\/mallorca.wordcamp.org\/2014-ca\/wp-json\/wp\/v2\/media?parent=1"}],"curies":[{"name":"wp","href":"https:\/\/api.w.org\/{rel}","templated":true}]}}