{"id":3,"date":"2014-02-20T11:06:33","date_gmt":"2014-02-20T11:06:33","guid":{"rendered":"https:\/\/2014-ca.mallorca.wordcamp.org\/sessions\/"},"modified":"2014-10-02T17:52:02","modified_gmt":"2014-10-02T17:52:02","slug":"sessions","status":"publish","type":"page","link":"https:\/\/mallorca.wordcamp.org\/2014-ca\/sessions\/","title":{"rendered":"Sessions"},"content":{"rendered":"<h4>Pon\u00e8ncies<\/h4>\n<p>La <strong>WordCamp<\/strong> tindr\u00e0 diferents tipus de sessions al llarg dels dos dies que dura l&#8217;esdeveniment. El primer dia gaudirem de diverses pon\u00e8ncies del m\u00e9s alt nivell, mentre que per al segon dia hem preparat tallers pr\u00e0ctics amb professionals experts en cada mat\u00e8ria espec\u00edfica.<\/p>\n<p>Cada una de les sessions s&#8217;adrecen no nom\u00e9s a totes les persones que ja es troben dins l&#8217;apassionant m\u00f3n de <em>WordPress<\/em>, sin\u00f3 que tamb\u00e9 a tots els que estau interessats en comen\u00e7ar a fer cam\u00ed en aquest m\u00f3n tan vast.<\/p>\n<h4>Les pon\u00e8ncies s\u00f3n les seg\u00fcents:<\/h4>\n<h5>Divendres 31 d&#8217;octubre<\/h5>\n<ol>\n<li>Seguretat: Ricardo Gallir i Gabriel P\u00e9rez<\/li>\n<li><em>Themes<\/em> per a editorials i premsa escrita. <\/li>\n<li><em>eCommerce<\/em> i Legalitadt: DMS i Comygo.es<\/li>\n<li>Multillenguatge: Ze Fontahinas i WPML (la idea \u00e9s que vengui alg\u00fa d&#8217;OnTHeGoSystems)<\/li>\n<li>Blocaires i Ag\u00e8ncies de continguts. Blocaires locals especialitzats i rellevants, ag\u00e8ncies locals.<\/li>\n<li>WP + <em>Social Media<\/em><\/li>\n<li><em>Multisite<\/em> i BudddyPress<\/li>\n<\/ol>\n<h5>Dissabte 1 de novembre<\/h5>\n<ul>\n<li>Creaci\u00f3 de <em>Plugin<\/em> d&#8217;accessibilitat per a discapacitats. Amb el suport de CaixaForum i, possiblemente, de la Fundaci\u00f3n Iberostar<\/li>\n<li>Desenvolupament de Temes: bones pr\u00e0ctiques.<\/li>\n<li>Gesti\u00f3 de contingut<\/li>\n<li>WordPress 101<\/li>\n<\/ul>\n<p>Si vols consultar en detall la programaci\u00f3 de cada sessi\u00f3, clica <a href=\"http:\/\/2014.mallorca.wordcamp.org\/sesiones\/programa\/\">aqu\u00ed<\/a>.<\/p>\n","protected":false},"excerpt":{"rendered":"<p>Pon\u00e8ncies La WordCamp tindr\u00e0 diferents tipus de sessions al llarg dels dos dies que dura l&#8217;esdeveniment. El primer dia gaudirem de diverses pon\u00e8ncies del m\u00e9s alt nivell, mentre que per al segon dia hem preparat tallers pr\u00e0ctics amb professionals experts en cada mat\u00e8ria espec\u00edfica. Cada una de les sessions s&#8217;adrecen no nom\u00e9s a totes les &hellip; <a href=\"https:\/\/mallorca.wordcamp.org\/2014-ca\/sessions\/\" class=\"more-link\">Continue reading <span class=\"screen-reader-text\">Sessions<\/span> <span class=\"meta-nav\">&rarr;<\/span><\/a><\/p>\n","protected":false},"author":14045476,"featured_media":0,"parent":0,"menu_order":0,"comment_status":"open","ping_status":"closed","template":"","meta":{"jetpack_post_was_ever_published":false,"footnotes":""},"class_list":["post-3","page","type-page","status-publish","hentry"],"jetpack_shortlink":"https:\/\/wp.me\/P4mS43-3","jetpack_sharing_enabled":true,"_links":{"self":[{"href":"https:\/\/mallorca.wordcamp.org\/2014-ca\/wp-json\/wp\/v2\/pages\/3","targetHints":{"allow":["GET"]}}],"collection":[{"href":"https:\/\/mallorca.wordcamp.org\/2014-ca\/wp-json\/wp\/v2\/pages"}],"about":[{"href":"https:\/\/mallorca.wordcamp.org\/2014-ca\/wp-json\/wp\/v2\/types\/page"}],"author":[{"embeddable":true,"href":"https:\/\/mallorca.wordcamp.org\/2014-ca\/wp-json\/wp\/v2\/users\/14045476"}],"replies":[{"embeddable":true,"href":"https:\/\/mallorca.wordcamp.org\/2014-ca\/wp-json\/wp\/v2\/comments?post=3"}],"version-history":[{"count":4,"href":"https:\/\/mallorca.wordcamp.org\/2014-ca\/wp-json\/wp\/v2\/pages\/3\/revisions"}],"predecessor-version":[{"id":8943,"href":"https:\/\/mallorca.wordcamp.org\/2014-ca\/wp-json\/wp\/v2\/pages\/3\/revisions\/8943"}],"wp:attachment":[{"href":"https:\/\/mallorca.wordcamp.org\/2014-ca\/wp-json\/wp\/v2\/media?parent=3"}],"curies":[{"name":"wp","href":"https:\/\/api.w.org\/{rel}","templated":true}]}}