{"id":5,"date":"2014-02-20T11:06:33","date_gmt":"2014-02-20T11:06:33","guid":{"rendered":"https:\/\/2014-ca.mallorca.wordcamp.org\/location\/"},"modified":"2014-10-02T17:56:46","modified_gmt":"2014-10-02T17:56:46","slug":"localitzacio","status":"publish","type":"page","link":"https:\/\/mallorca.wordcamp.org\/2014-ca\/localitzacio\/","title":{"rendered":"Localitzaci\u00f3"},"content":{"rendered":"<h4>On \u00e9s el CaixaForum?<\/h4>\n<p>El centre cultural &#8216;<em><strong>Llibreria CaixaForum Palma<\/strong><\/em>&#8216; \u00e9s a la Pla\u00e7a de Weyler, 3 (CP 07001 de Palma de Mallorca), Illes Balears. Es troba ben al davora del Teatre Principal de Palma i de les Rambles de Palma. El tel\u00e8fon \u00e9s el 971 72 40 99.<\/p>\n<p><strong>Mapa<\/strong><\/p>\n<div class=\"googlemaps\">\n\t\t\t\t<iframe loading=\"lazy\" width=\"650\" height=\"450\" frameborder=\"0\" scrolling=\"no\" marginheight=\"0\" marginwidth=\"0\"  src=\"https:\/\/www.google.com\/maps\/embed?pb=!1m16!1m10!1m3!1d3075.4615975081783!2d2.649906!3d39.57174599999999!2m1!3f0!3m2!1i1024!2i768!4f13.1!3m3!1m2!1s0x1297925041f43497:0x74d6d3fa543a9586!2sLlibreria%20CaixaForum%20Palma!5e0!3m2!1ses!2ses!4v1410869937536\"><\/iframe>\n\t\t\t<\/div>\n","protected":false},"excerpt":{"rendered":"<p>On \u00e9s el CaixaForum? El centre cultural &#8216;Llibreria CaixaForum Palma&#8216; \u00e9s a la Pla\u00e7a de Weyler, 3 (CP 07001 de Palma de Mallorca), Illes Balears. Es troba ben al davora del Teatre Principal de Palma i de les Rambles de Palma. El tel\u00e8fon \u00e9s el 971 72 40 99. Mapa<\/p>\n","protected":false},"author":14045476,"featured_media":0,"parent":0,"menu_order":0,"comment_status":"open","ping_status":"closed","template":"","meta":{"jetpack_post_was_ever_published":false,"footnotes":""},"class_list":["post-5","page","type-page","status-publish","hentry"],"jetpack_shortlink":"https:\/\/wp.me\/P4mS43-5","jetpack_sharing_enabled":true,"_links":{"self":[{"href":"https:\/\/mallorca.wordcamp.org\/2014-ca\/wp-json\/wp\/v2\/pages\/5","targetHints":{"allow":["GET"]}}],"collection":[{"href":"https:\/\/mallorca.wordcamp.org\/2014-ca\/wp-json\/wp\/v2\/pages"}],"about":[{"href":"https:\/\/mallorca.wordcamp.org\/2014-ca\/wp-json\/wp\/v2\/types\/page"}],"author":[{"embeddable":true,"href":"https:\/\/mallorca.wordcamp.org\/2014-ca\/wp-json\/wp\/v2\/users\/14045476"}],"replies":[{"embeddable":true,"href":"https:\/\/mallorca.wordcamp.org\/2014-ca\/wp-json\/wp\/v2\/comments?post=5"}],"version-history":[{"count":6,"href":"https:\/\/mallorca.wordcamp.org\/2014-ca\/wp-json\/wp\/v2\/pages\/5\/revisions"}],"predecessor-version":[{"id":8949,"href":"https:\/\/mallorca.wordcamp.org\/2014-ca\/wp-json\/wp\/v2\/pages\/5\/revisions\/8949"}],"wp:attachment":[{"href":"https:\/\/mallorca.wordcamp.org\/2014-ca\/wp-json\/wp\/v2\/media?parent=5"}],"curies":[{"name":"wp","href":"https:\/\/api.w.org\/{rel}","templated":true}]}}