{"id":5674,"date":"2014-10-07T09:54:10","date_gmt":"2014-10-07T09:54:10","guid":{"rendered":"https:\/\/2014-de.mallorca.wordcamp.org\/?page_id=5674"},"modified":"2014-10-20T11:43:45","modified_gmt":"2014-10-20T11:43:45","slug":"sessions-2","status":"publish","type":"page","link":"https:\/\/mallorca.wordcamp.org\/2014-de\/sessions-2\/","title":{"rendered":"Sessions"},"content":{"rendered":"<p>Alle Sessions in der \u00dcbersicht (vorl\u00e4ufige Zeiten, bei \u00c4nderungen wirst du sofort informiert)<\/p>\n<h3>Freitag, den 31. Oktober<\/h3>\n\n<h4>Alle Sessions in der \u00dcbersicht<\/h4>\n<p>Beim <strong>WordCamp<\/strong> gibt es die unterschiedlichsten Vortr\u00e4ge, Talks und Diskussionen in wenigen Tagen. Das zeichnet den Event aus und so ist es m\u00f6glich eine hohe Qualit\u00e4t, viel Information und spannende Gespr\u00e4che zu erleben. Am zweiten Tag bieten wir euch ausserdem verschiedene Fallstudien und Praxisanwendungen zu jedem besprochenen Thema an. Nat\u00fcrlich alles von einem ausgezeichneten Expertenteam zielorientiert durchgef\u00fchrt.<\/p>\n<p>Jede Session richtet sich an Personen die sich l\u00e4ngst in der WordPress Welt bewegen aber auch an die sich damit in Zukunft befassen m\u00f6chten. Durch den regen Austausch aller Teilnehmer, kommen bei WordCamps in der Regel alle auf ihre Kosten.<br \/>\n<\/p>\n<h4>Wir freuen uns auf folgende Sessions:<\/h4>\n<h5>Freitag, 31.Oktober<\/h5>\n<ol>\n<li>Sicherheit:  Ricardo Gallir und Gabriel P\u00e9rez<\/li>\n<li>Themes f\u00fcr Verlage<\/li>\n<li>eCommerce und Rechtliches: DMS und Comygo.es<\/li>\n<li>Mehrsprachigkeit: Ze Fontahinas und WPML<\/li>\n<li>Blogger und Content Agenturen: Lokale Blogger und Vertreter lokaler Agentuen.<\/li>\n<li>WordPress und Social Media<\/li>\n<li>Multisite und BudddyPress<\/li>\n<\/ol>\n<h5>Samstag, 01.November<\/h5>\n<ul>\n<li>Plugin Entwicklung &#8220;barrierefreies Internet&#8221;: unterst\u00fctzt durch CaixaForum und vorraussichtlich Fundaci\u00f3n Iberostar<\/li>\n<li>Theme development, best practice.<\/li>\n<li>Umgang mit Contents<\/li>\n<li>WordPress 101<\/li>\n<\/ul>\n","protected":false},"excerpt":{"rendered":"<p>Alle Sessions in der \u00dcbersicht (vorl\u00e4ufige Zeiten, bei \u00c4nderungen wirst du sofort informiert) Freitag, den 31. Oktober Alle Sessions in der \u00dcbersicht Beim WordCamp gibt es die unterschiedlichsten Vortr\u00e4ge, Talks und Diskussionen in wenigen Tagen. Das zeichnet den Event aus und so ist es m\u00f6glich eine hohe Qualit\u00e4t, viel Information und spannende Gespr\u00e4che zu erleben. &hellip; <a href=\"https:\/\/mallorca.wordcamp.org\/2014-de\/sessions-2\/\" class=\"more-link\">Continue reading <span class=\"screen-reader-text\">Sessions<\/span> <span class=\"meta-nav\">&rarr;<\/span><\/a><\/p>\n","protected":false},"author":14072145,"featured_media":0,"parent":0,"menu_order":0,"comment_status":"open","ping_status":"closed","template":"","meta":{"jetpack_post_was_ever_published":false,"footnotes":""},"class_list":["post-5674","page","type-page","status-publish","hentry"],"jetpack_shortlink":"https:\/\/wp.me\/P4mS3R-1tw","jetpack_sharing_enabled":true,"_links":{"self":[{"href":"https:\/\/mallorca.wordcamp.org\/2014-de\/wp-json\/wp\/v2\/pages\/5674","targetHints":{"allow":["GET"]}}],"collection":[{"href":"https:\/\/mallorca.wordcamp.org\/2014-de\/wp-json\/wp\/v2\/pages"}],"about":[{"href":"https:\/\/mallorca.wordcamp.org\/2014-de\/wp-json\/wp\/v2\/types\/page"}],"author":[{"embeddable":true,"href":"https:\/\/mallorca.wordcamp.org\/2014-de\/wp-json\/wp\/v2\/users\/14072145"}],"replies":[{"embeddable":true,"href":"https:\/\/mallorca.wordcamp.org\/2014-de\/wp-json\/wp\/v2\/comments?post=5674"}],"version-history":[{"count":6,"href":"https:\/\/mallorca.wordcamp.org\/2014-de\/wp-json\/wp\/v2\/pages\/5674\/revisions"}],"predecessor-version":[{"id":5774,"href":"https:\/\/mallorca.wordcamp.org\/2014-de\/wp-json\/wp\/v2\/pages\/5674\/revisions\/5774"}],"wp:attachment":[{"href":"https:\/\/mallorca.wordcamp.org\/2014-de\/wp-json\/wp\/v2\/media?parent=5674"}],"curies":[{"name":"wp","href":"https:\/\/api.w.org\/{rel}","templated":true}]}}