{"id":169627,"date":"2014-02-12T01:33:53","date_gmt":"2014-02-12T01:33:53","guid":{"rendered":"http:\/\/2014.mallorca.wordcamp.org\/schedule\/"},"modified":"2014-10-06T10:07:48","modified_gmt":"2014-10-06T08:07:48","slug":"programa","status":"publish","type":"page","link":"https:\/\/mallorca.wordcamp.org\/2014-es\/programa\/","title":{"rendered":"Programa"},"content":{"rendered":"<p>Estos son los horarios detallados de las sesiones programadas para el evento (Las horas no son definitivas, pueden sufrir cambios, si es as\u00ed se informar\u00e1 de los mismos.)<\/p>\n<h3>Viernes 31 de Octubre<\/h3>\n<table class=\"wcpt-schedule\" border=\"0\"><thead><tr><th class=\"wcpt-col-time\">Hora<\/th><th class=\"wcpt-col-track\"> <span class=\"wcpt-track-name\">Auditorium<\/span> <span class=\"wcpt-track-description\"><\/span> <\/th><th class=\"wcpt-col-track\"> <span class=\"wcpt-track-name\">Sala 2<\/span> <span class=\"wcpt-track-description\"><\/span> <\/th><\/tr><\/thead><tbody><tr class=\"wcpt-time-800am global-session registro\"><td class=\"wcpt-time\">8:00&nbsp;am<\/td><td colspan=\"2\" class=\"wcb-track-auditorium wcb-track-sala-2 wcpt-session-type-custom wcb-session-registro\" data-track-title=\"Auditorium, Sala 2\" data-session-id=\"169332\"><div class=\"wcb-session-cell-content\"><span class=\"wcpt-session-title\">Registro<\/span><\/div><\/td><\/tr><tr class=\"wcpt-time-900am\"><td class=\"wcpt-time\">9:00&nbsp;am<\/td><td colspan=\"1\" class=\"wcb-track-auditorium wcpt-session-type-custom wcb-session-bienvenida\" data-track-title=\"Auditorium\" data-session-id=\"169609\"><div class=\"wcb-session-cell-content\"><span class=\"wcpt-session-title\">Bienvenida<\/span><\/div><\/td><td class=\"wcpt-session-empty\"><\/td><\/tr><tr class=\"wcpt-time-915am\"><td class=\"wcpt-time\">9:15&nbsp;am<\/td><td colspan=\"1\" class=\"wcb-speaker-david-arraez wcb-track-auditorium wcpt-session-type-session wcb-session-de-periodista-de-papel-a-blogger-para-la-web-y-el-mundo\" data-track-title=\"Auditorium\" data-session-id=\"170222\"><div class=\"wcb-session-cell-content\"><a class=\"wcpt-session-title\" href=\"https:\/\/mallorca.wordcamp.org\/2014-es\/session\/de-periodista-de-papel-a-blogger-para-la-web-y-el-mundo\/\">De periodista de papel a blogger para la web y el mundo<\/a> <span class=\"wcpt-session-speakers\"><a href=\"https:\/\/mallorca.wordcamp.org\/2014-es\/conferencistas\/#wcorg-speaker-david-arraez\">David Arr\u00e1ez<\/a><\/span><\/div><div class=\"wcb-session-favourite-icon\"><a href=\"#\" role=\"button\" class=\"fav-session-button\" aria-pressed=\"false\"><span class=\"screen-reader-text\">Sesi\u00f3n favorita: De periodista de papel a blogger para la web y el mundo<\/span><span class=\"dashicons dashicons-star-filled\"><\/span><\/a><\/div><\/td><td colspan=\"1\" class=\"wcb-speaker-juanjo-buendia wcb-track-sala-2 wcpt-session-type-session wcb-session-contenido-de-calidad-en-wp\" data-track-title=\"Sala 2\" data-session-id=\"169906\"><div class=\"wcb-session-cell-content\"><a class=\"wcpt-session-title\" href=\"https:\/\/mallorca.wordcamp.org\/2014-es\/session\/contenido-de-calidad-en-wp\/\">Contenido de calidad en WP<\/a> <span class=\"wcpt-session-speakers\"><a href=\"https:\/\/mallorca.wordcamp.org\/2014-es\/conferencistas\/#wcorg-speaker-juanjo-buendia\">Juanjo Buend\u00eda<\/a><\/span><\/div><div class=\"wcb-session-favourite-icon\"><a href=\"#\" role=\"button\" class=\"fav-session-button\" aria-pressed=\"false\"><span class=\"screen-reader-text\">Sesi\u00f3n favorita: Contenido de calidad en WP<\/span><span class=\"dashicons dashicons-star-filled\"><\/span><\/a><\/div><\/td><\/tr><tr class=\"wcpt-time-1000am\"><td class=\"wcpt-time\">10:00&nbsp;am<\/td><td colspan=\"1\" class=\"wcb-speaker-amil-kvit wcb-track-auditorium wcpt-session-type-session wcb-session-wordpress-multilenguaje-wpml\" data-track-title=\"Auditorium\" data-session-id=\"169713\"><div class=\"wcb-session-cell-content\"><a class=\"wcpt-session-title\" href=\"https:\/\/mallorca.wordcamp.org\/2014-es\/session\/wordpress-multilenguaje-wpml\/\">Manejo y creaci\u00f3n de una Web multiling\u00fce con WordPress<\/a> <span class=\"wcpt-session-speakers\"><a href=\"https:\/\/mallorca.wordcamp.org\/2014-es\/conferencistas\/#wcorg-speaker-amil-kvit\">Amit Kvint<\/a><\/span><\/div><div class=\"wcb-session-favourite-icon\"><a href=\"#\" role=\"button\" class=\"fav-session-button\" aria-pressed=\"false\"><span class=\"screen-reader-text\">Sesi\u00f3n favorita: Manejo y creaci\u00f3n de una Web multiling\u00fce con WordPress<\/span><span class=\"dashicons dashicons-star-filled\"><\/span><\/a><\/div><\/td><td colspan=\"1\" class=\"wcb-speaker-antonio-tugores-vazquez wcb-track-sala-2 wcpt-session-type-session wcb-session-ejercicios-de-yoga-para-programadores\" data-track-title=\"Sala 2\" data-session-id=\"169706\"><div class=\"wcb-session-cell-content\"><a class=\"wcpt-session-title\" href=\"https:\/\/mallorca.wordcamp.org\/2014-es\/session\/ejercicios-de-yoga-para-programadores\/\">Salud f\u00edsica y vida sedentaria<\/a> <span class=\"wcpt-session-speakers\"><a href=\"https:\/\/mallorca.wordcamp.org\/2014-es\/conferencistas\/#wcorg-speaker-antonio-tugores-vazquez\">Antonio Tugores V\u00e1zquez \u00abGhimel\u00bb<\/a><\/span><\/div><div class=\"wcb-session-favourite-icon\"><a href=\"#\" role=\"button\" class=\"fav-session-button\" aria-pressed=\"false\"><span class=\"screen-reader-text\">Sesi\u00f3n favorita: Salud f\u00edsica y vida sedentaria<\/span><span class=\"dashicons dashicons-star-filled\"><\/span><\/a><\/div><\/td><\/tr><tr class=\"wcpt-time-1100am global-session descanso\"><td class=\"wcpt-time\">11:00&nbsp;am<\/td><td colspan=\"2\" class=\"wcb-track-auditorium wcb-track-sala-2 wcpt-session-type-custom wcb-session-descanso1\" data-track-title=\"Auditorium, Sala 2\" data-session-id=\"169710\"><div class=\"wcb-session-cell-content\"><span class=\"wcpt-session-title\">Descanso<\/span><\/div><\/td><\/tr><tr class=\"wcpt-time-1115am\"><td class=\"wcpt-time\">11:15&nbsp;am<\/td><td colspan=\"1\" class=\"wcb-speaker-marco-fanton wcb-track-auditorium wcpt-session-type-session wcb-session-como-ser-un-buen-freelancer-o-wp-como-appengine\" data-track-title=\"Auditorium\" data-session-id=\"169739\"><div class=\"wcb-session-cell-content\"><a class=\"wcpt-session-title\" href=\"https:\/\/mallorca.wordcamp.org\/2014-es\/session\/como-ser-un-buen-freelancer-o-wp-como-appengine\/\">WordPress como AppEngine<\/a> <span class=\"wcpt-session-speakers\"><a href=\"https:\/\/mallorca.wordcamp.org\/2014-es\/conferencistas\/#wcorg-speaker-marco-fanton\">Marco Fant\u00f3n<\/a><\/span><\/div><div class=\"wcb-session-favourite-icon\"><a href=\"#\" role=\"button\" class=\"fav-session-button\" aria-pressed=\"false\"><span class=\"screen-reader-text\">Sesi\u00f3n favorita: WordPress como AppEngine<\/span><span class=\"dashicons dashicons-star-filled\"><\/span><\/a><\/div><\/td><td colspan=\"1\" class=\"wcb-speaker-pedro-serrano wcb-track-sala-2 wcpt-session-type-session wcb-session-accesibilidad-para-discapacitados\" data-track-title=\"Sala 2\" data-session-id=\"169806\"><div class=\"wcb-session-cell-content\"><a class=\"wcpt-session-title\" href=\"https:\/\/mallorca.wordcamp.org\/2014-es\/session\/accesibilidad-para-discapacitados\/\">Accesibilidad para discapacitados<\/a> <span class=\"wcpt-session-speakers\"><a href=\"https:\/\/mallorca.wordcamp.org\/2014-es\/conferencistas\/#wcorg-speaker-pedro-serrano\">Pedro Serrano<\/a><\/span><\/div><div class=\"wcb-session-favourite-icon\"><a href=\"#\" role=\"button\" class=\"fav-session-button\" aria-pressed=\"false\"><span class=\"screen-reader-text\">Sesi\u00f3n favorita: Accesibilidad para discapacitados<\/span><span class=\"dashicons dashicons-star-filled\"><\/span><\/a><\/div><\/td><\/tr><tr class=\"wcpt-time-1200pm\"><td class=\"wcpt-time\">12:00&nbsp;pm<\/td><td colspan=\"1\" class=\"wcb-speaker-antoni-aloy wcb-speaker-gabriel-perez wcb-speaker-ricardo-gallir wcb-track-auditorium wcpt-session-type-session wcb-session-seguridad-y-velocidad-en-wordpress\" data-track-title=\"Auditorium\" data-session-id=\"169724\"><div class=\"wcb-session-cell-content\"><a class=\"wcpt-session-title\" href=\"https:\/\/mallorca.wordcamp.org\/2014-es\/session\/seguridad-y-velocidad-en-wordpress\/\">Seguridad y velocidad en WordPress<\/a> <span class=\"wcpt-session-speakers\"><a href=\"https:\/\/mallorca.wordcamp.org\/2014-es\/conferencistas\/#wcorg-speaker-antoni-aloy\">Antoni Aloy<\/a>, <a href=\"https:\/\/mallorca.wordcamp.org\/2014-es\/conferencistas\/#wcorg-speaker-gabriel-perez\">Gabriel P\u00e9rez<\/a>, <a href=\"https:\/\/mallorca.wordcamp.org\/2014-es\/conferencistas\/#wcorg-speaker-ricardo-gallir\">Ricardo Galli (Por confirmar)<\/a><\/span><\/div><div class=\"wcb-session-favourite-icon\"><a href=\"#\" role=\"button\" class=\"fav-session-button\" aria-pressed=\"false\"><span class=\"screen-reader-text\">Sesi\u00f3n favorita: Seguridad y velocidad en WordPress<\/span><span class=\"dashicons dashicons-star-filled\"><\/span><\/a><\/div><\/td><td colspan=\"1\" class=\"wcb-speaker-miguel-angel-payeras wcb-track-sala-2 wcpt-session-type-session wcb-session-wordpress-en-la-cocina-de-chefsin\" data-track-title=\"Sala 2\" data-session-id=\"170347\"><div class=\"wcb-session-cell-content\"><a class=\"wcpt-session-title\" href=\"https:\/\/mallorca.wordcamp.org\/2014-es\/session\/wordpress-en-la-cocina-de-chefsin\/\">WordPress en la cocina de Chefs(in)<\/a> <span class=\"wcpt-session-speakers\"><a href=\"https:\/\/mallorca.wordcamp.org\/2014-es\/conferencistas\/#wcorg-speaker-miguel-angel-payeras\">Miguel Angel Payeras<\/a><\/span><\/div><div class=\"wcb-session-favourite-icon\"><a href=\"#\" role=\"button\" class=\"fav-session-button\" aria-pressed=\"false\"><span class=\"screen-reader-text\">Sesi\u00f3n favorita: WordPress en la cocina de Chefs(in)<\/span><span class=\"dashicons dashicons-star-filled\"><\/span><\/a><\/div><\/td><\/tr><tr class=\"wcpt-time-100pm global-session comida\"><td class=\"wcpt-time\">1:00&nbsp;pm<\/td><td colspan=\"2\" class=\"wcb-track-auditorium wcb-track-sala-2 wcpt-session-type-custom wcb-session-comida\" data-track-title=\"Auditorium, Sala 2\" data-session-id=\"169722\"><div class=\"wcb-session-cell-content\"><span class=\"wcpt-session-title\">Comida<\/span><\/div><\/td><\/tr><tr class=\"wcpt-time-300pm\"><td class=\"wcpt-time\">3:00&nbsp;pm<\/td><td colspan=\"1\" class=\"wcb-speaker-jorge-morell-ramos wcb-speaker-melchor-de-palau wcb-speaker-jose-manuel-raya wcb-track-auditorium wcpt-session-type-session wcb-session-ecommerce-desde-mallorca-para-el-mundo\" data-track-title=\"Auditorium\" data-session-id=\"169727\"><div class=\"wcb-session-cell-content\"><a class=\"wcpt-session-title\" href=\"https:\/\/mallorca.wordcamp.org\/2014-es\/session\/ecommerce-desde-mallorca-para-el-mundo\/\">eCommerce desde Mallorca para el mundo<\/a> <span class=\"wcpt-session-speakers\"><a href=\"https:\/\/mallorca.wordcamp.org\/2014-es\/conferencistas\/#wcorg-speaker-jorge-morell-ramos\">Jorge Morell Ramos<\/a>, <a href=\"https:\/\/mallorca.wordcamp.org\/2014-es\/conferencistas\/#wcorg-speaker-melchor-de-palau\">Melchor de Palau Rovira<\/a>, <a href=\"https:\/\/mallorca.wordcamp.org\/2014-es\/conferencistas\/#wcorg-speaker-jose-manuel-raya\">Jose Manuel Raya<\/a><\/span><\/div><div class=\"wcb-session-favourite-icon\"><a href=\"#\" role=\"button\" class=\"fav-session-button\" aria-pressed=\"false\"><span class=\"screen-reader-text\">Sesi\u00f3n favorita: eCommerce desde Mallorca para el mundo<\/span><span class=\"dashicons dashicons-star-filled\"><\/span><\/a><\/div><\/td><td colspan=\"1\" class=\"wcb-speaker-miquel-ferrer-amer wcb-track-sala-2 wcpt-session-type-session wcb-session-entornos-de-desarrollo-para-wordpress-usando-vagrant\" data-track-title=\"Sala 2\" data-session-id=\"170173\"><div class=\"wcb-session-cell-content\"><a class=\"wcpt-session-title\" href=\"https:\/\/mallorca.wordcamp.org\/2014-es\/session\/entornos-de-desarrollo-para-wordpress-usando-vagrant\/\">Entornos de desarrollo para WordPress usando Vagrant<\/a> <span class=\"wcpt-session-speakers\"><a href=\"https:\/\/mallorca.wordcamp.org\/2014-es\/conferencistas\/#wcorg-speaker-miquel-ferrer-amer\">Miquel Ferrer Amer<\/a><\/span><\/div><div class=\"wcb-session-favourite-icon\"><a href=\"#\" role=\"button\" class=\"fav-session-button\" aria-pressed=\"false\"><span class=\"screen-reader-text\">Sesi\u00f3n favorita: Entornos de desarrollo para WordPress usando Vagrant<\/span><span class=\"dashicons dashicons-star-filled\"><\/span><\/a><\/div><\/td><\/tr><tr class=\"wcpt-time-445pm\"><td class=\"wcpt-time\">4:45&nbsp;pm<\/td><td colspan=\"1\" class=\"wcb-speaker-damian-suarez wcb-track-auditorium wcpt-session-type-session wcb-session-wpcomjs-libreria-oficial-para-wordpresscom-rest-api\" data-track-title=\"Auditorium\" data-session-id=\"169743\"><div class=\"wcb-session-cell-content\"><a class=\"wcpt-session-title\" href=\"https:\/\/mallorca.wordcamp.org\/2014-es\/session\/wpcomjs-libreria-oficial-para-wordpresscom-rest-api\/\">WP.COM REST-API y wpcom.js<\/a> <span class=\"wcpt-session-speakers\"><a href=\"https:\/\/mallorca.wordcamp.org\/2014-es\/conferencistas\/#wcorg-speaker-damian-suarez\">Damian Suarez<\/a><\/span><\/div><div class=\"wcb-session-favourite-icon\"><a href=\"#\" role=\"button\" class=\"fav-session-button\" aria-pressed=\"false\"><span class=\"screen-reader-text\">Sesi\u00f3n favorita: WP.COM REST-API y wpcom.js<\/span><span class=\"dashicons dashicons-star-filled\"><\/span><\/a><\/div><\/td><td colspan=\"1\" class=\"wcb-speaker-toni-camps-duran wcb-track-sala-2 wcpt-session-type-session wcb-session-plantillas-wordpress-el-diseno-facil-o-no\" data-track-title=\"Sala 2\" data-session-id=\"170124\"><div class=\"wcb-session-cell-content\"><a class=\"wcpt-session-title\" href=\"https:\/\/mallorca.wordcamp.org\/2014-es\/session\/plantillas-wordpress-el-diseno-facil-o-no\/\">Plantillas WordPress, el dise\u00f1o f\u00e1cil o no.<\/a> <span class=\"wcpt-session-speakers\"><a href=\"https:\/\/mallorca.wordcamp.org\/2014-es\/conferencistas\/#wcorg-speaker-toni-camps-duran\">Toni Camps<\/a><\/span><\/div><div class=\"wcb-session-favourite-icon\"><a href=\"#\" role=\"button\" class=\"fav-session-button\" aria-pressed=\"false\"><span class=\"screen-reader-text\">Sesi\u00f3n favorita: Plantillas WordPress, el dise\u00f1o f\u00e1cil o no.<\/span><span class=\"dashicons dashicons-star-filled\"><\/span><\/a><\/div><\/td><\/tr><tr class=\"wcpt-time-530pm\"><td class=\"wcpt-time\">5:30&nbsp;pm<\/td><td colspan=\"1\" class=\"wcb-speaker-marta-simonet wcb-speaker-jordi-bayona wcb-speaker-tomeu-fiol wcb-speaker-jesus-cortes wcb-speaker-gonzalo-coterillo wcb-track-auditorium wcpt-session-type-session wcb-session-bloggeando-desde-mallorca\" data-track-title=\"Auditorium\" data-session-id=\"169718\"><div class=\"wcb-session-cell-content\"><a class=\"wcpt-session-title\" href=\"https:\/\/mallorca.wordcamp.org\/2014-es\/session\/bloggeando-desde-mallorca\/\">&#8216;Bloggeando&#8217; desde Mallorca<\/a> <span class=\"wcpt-session-speakers\"><a href=\"https:\/\/mallorca.wordcamp.org\/2014-es\/conferencistas\/#wcorg-speaker-marta-simonet\">Marta Simonet<\/a>, <a href=\"https:\/\/mallorca.wordcamp.org\/2014-es\/conferencistas\/#wcorg-speaker-jordi-bayona\">Jordi Bayona<\/a>, <a href=\"https:\/\/mallorca.wordcamp.org\/2014-es\/conferencistas\/#wcorg-speaker-tomeu-fiol\">Tomeu Fiol<\/a>, <a href=\"https:\/\/mallorca.wordcamp.org\/2014-es\/conferencistas\/#wcorg-speaker-jesus-cortes\">Jes\u00fas Cort\u00e9s<\/a>, <a href=\"https:\/\/mallorca.wordcamp.org\/2014-es\/conferencistas\/#wcorg-speaker-gonzalo-coterillo\">Gonzalo Coterillo<\/a><\/span><\/div><div class=\"wcb-session-favourite-icon\"><a href=\"#\" role=\"button\" class=\"fav-session-button\" aria-pressed=\"false\"><span class=\"screen-reader-text\">Sesi\u00f3n favorita: &#8216;Bloggeando&#8217; desde Mallorca<\/span><span class=\"dashicons dashicons-star-filled\"><\/span><\/a><\/div><\/td><td class=\"wcpt-session-empty\"><\/td><\/tr><tr class=\"wcpt-time-700pm\"><td class=\"wcpt-time\">7:00&nbsp;pm<\/td><td colspan=\"1\" class=\"wcb-track-auditorium wcpt-session-type-custom wcb-session-cierre\" data-track-title=\"Auditorium\" data-session-id=\"169811\"><div class=\"wcb-session-cell-content\"><span class=\"wcpt-session-title\">Cierre<\/span><\/div><\/td><td class=\"wcpt-session-empty\"><\/td><\/tr><\/tbody><\/table>\n\t<div class=\"email-form fav-session-email-form-hide\">\n\t\t<!-- Tab links -->\n\t\t<div class=\"fav-session-share-tab\">\n\t\t\t\t\t\t\t<div class=\"fav-session-tablinks\" id=\"fav-session-btn-email\">\n\t\t\t\t\tCorreo electr\u00f3nico\t\t\t\t<\/div>\n\t\t\t\n\t\t\t<div class=\"fav-session-tablinks\" id=\"fav-session-btn-link\">\n\t\t\t\tEnlace\t\t\t<\/div>\n\n\t\t\t<div class=\"fav-session-tablinks\" id=\"fav-session-btn-print\">\n\t\t\t\tImprimir\t\t\t<\/div>\n\t\t<\/div>\n\n\t\t<!-- Tab content -->\n\t\t\t\t\t<div id=\"fav-session-tab-email\" class=\"fav-session-share-tabcontent\">\n\t\t\t\t<div id=\"fav-session-email-form\">\n\t\t\t\t\tEnv\u00edame mis sesiones favoritas:\n\t\t\t\t\t<form id=\"fav-sessions-form\">\n\t\t\t\t\t\t<input\n\t\t\t\t\t\t\ttype=\"text\"\n\t\t\t\t\t\t\tname=\"email_address\"\n\t\t\t\t\t\t\tid=\"fav-sessions-email-address\"\n\t\t\t\t\t\t\tplaceholder=\"me@protonmail.com\"\n\t\t\t\t\t\t\/>\n\t\t\t\t\t\t<input type=\"submit\" value=\"Enviar\" \/>\n\t\t\t\t\t<\/form>\n\t\t\t\t<\/div>\n\n\t\t\t\t<div class=\"fav-session-email-wait-spinner\"><\/div>\n\t\t\t\t<div class=\"fav-session-email-result\"><\/div>\n\t\t\t<\/div>\n\t\t\n\t\t<div id=\"fav-session-tab-link\" class=\"fav-session-share-tabcontent\">\n\t\t\tEnlace compartible:\t\t\t<br \/>\n\t\t\t<a id=\"fav-sessions-link\" href=\"\"><\/a>\n\t\t<\/div>\n\n\t\t<div id=\"fav-session-tab-print\" class=\"fav-session-share-tabcontent\">\n\t\t\t<button id=\"fav-session-print\">\n\t\t\t\tImprimir sesiones favoritas\t\t\t<\/button>\n\t\t<\/div>\n\t<\/div>\n\n\t<a class=\"show-email-form\" href=\"javascript:\">\n\t\t<span class=\"dashicons dashicons-star-filled\"><\/span>\n\t\t<span class=\"dashicons dashicons-email-alt\"><\/span>\n\t<\/a>\n\n\t\n","protected":false},"excerpt":{"rendered":"<p>Estos son los horarios detallados de las sesiones programadas para el evento (Las horas no son definitivas, pueden sufrir cambios, si es as\u00ed se informar\u00e1 de los mismos.) Viernes 31 de Octubre<\/p>\n","protected":false},"author":299060,"featured_media":0,"parent":0,"menu_order":0,"comment_status":"open","ping_status":"open","template":"","meta":{"jetpack_post_was_ever_published":false,"footnotes":""},"class_list":["post-169627","page","type-page","status-publish","hentry"],"jetpack_shortlink":"https:\/\/wp.me\/P4mS4b-I7V","jetpack_sharing_enabled":true,"jetpack_likes_enabled":true,"_links":{"self":[{"href":"https:\/\/mallorca.wordcamp.org\/2014-es\/wp-json\/wp\/v2\/pages\/169627","targetHints":{"allow":["GET"]}}],"collection":[{"href":"https:\/\/mallorca.wordcamp.org\/2014-es\/wp-json\/wp\/v2\/pages"}],"about":[{"href":"https:\/\/mallorca.wordcamp.org\/2014-es\/wp-json\/wp\/v2\/types\/page"}],"author":[{"embeddable":true,"href":"https:\/\/mallorca.wordcamp.org\/2014-es\/wp-json\/wp\/v2\/users\/299060"}],"replies":[{"embeddable":true,"href":"https:\/\/mallorca.wordcamp.org\/2014-es\/wp-json\/wp\/v2\/comments?post=169627"}],"version-history":[{"count":2,"href":"https:\/\/mallorca.wordcamp.org\/2014-es\/wp-json\/wp\/v2\/pages\/169627\/revisions"}],"predecessor-version":[{"id":169837,"href":"https:\/\/mallorca.wordcamp.org\/2014-es\/wp-json\/wp\/v2\/pages\/169627\/revisions\/169837"}],"wp:attachment":[{"href":"https:\/\/mallorca.wordcamp.org\/2014-es\/wp-json\/wp\/v2\/media?parent=169627"}],"curies":[{"name":"wp","href":"https:\/\/api.w.org\/{rel}","templated":true}]}}