{"id":169635,"date":"2014-08-28T11:06:48","date_gmt":"2014-08-28T11:06:48","guid":{"rendered":"http:\/\/2014.mallorca.wordcamp.org\/?page_id=10"},"modified":"2014-08-28T11:06:48","modified_gmt":"2014-08-28T11:06:48","slug":"sesiones","status":"publish","type":"page","link":"https:\/\/mallorca.wordcamp.org\/2014-es\/sesiones\/","title":{"rendered":"Sesiones"},"content":{"rendered":"<h4>Conferencias<\/h4>\n<p>La <strong>WordCamp<\/strong> contar\u00e1 con diferentes tipos de sesiones durante los dos d\u00edas que dura el evento, de est\u00e1 forma podremos presenciar el primer d\u00eda varias charlas del m\u00e1s alto nivel, y el segundo d\u00eda diversos talleres pr\u00e1cticos con profesionales expertos en cada tema.<\/p>\n<p>Cada una de las sesiones, est\u00e1n orientadas a todas aquellas personas que ya se encuentran inmersas en el apasionante mundo del <em>WordPress<\/em>, y tambi\u00e9n para aquellos que quieren comenzar su andadura en este amplio mundo.<\/p>\n<h4>Las sesiones definidas son:<\/h4>\n<h5>Viernes, 31 de Octubre<\/h5>\n<ol>\n<li>Seguridad:  Ricardo Gallir y Gabriel P\u00e9rez<\/li>\n<li>Themes para editoriales y periodicos. <\/li>\n<li>eCommerce y Legalidad: DMS y Comygo.es<\/li>\n<li>Multilenguaje: Ze Fontahinas y WPML (la idea es que venga alguien de OnTHeGoSystems)<\/li>\n<li>Bloggers y Agencias de contenido. Bloggeros locales especializados y relevantes, agencias locales.<\/li>\n<li>WP + Social Media<\/li>\n<li>Multisite y BudddyPress<\/li>\n<\/ol>\n<h5>Sabado, 01 de Noviembre<\/h5>\n<ul>\n<li>Creaci\u00f3n Plugin de accesibilidad para discapacitados. Apoyado por CaixaForum y posiblemente Fundaci\u00f3n Iberostar<\/li>\n<li>Desarrollo de Temas, best practices.<\/li>\n<li>Gesti\u00f3n de contenido<\/li>\n<li>WordPress 101<\/li>\n<\/ul>\n<p>Si deseas ver la programaci\u00f3n detallada de cada sesi\u00f3n, pincha <a href=\"http:\/\/2014.mallorca.wordcamp.org\/sesiones\/programa\/\">aqu\u00ed<\/a>.<\/p>\n","protected":false},"excerpt":{"rendered":"<p>Conferencias La WordCamp contar\u00e1 con diferentes tipos de sesiones durante los dos d\u00edas que dura el evento, de est\u00e1 forma podremos presenciar el primer d\u00eda varias charlas del m\u00e1s alto nivel, y el segundo d\u00eda diversos talleres pr\u00e1cticos con profesionales expertos en cada tema. Cada una de las sesiones, est\u00e1n orientadas a todas aquellas personas &hellip; <a href=\"https:\/\/mallorca.wordcamp.org\/2014-es\/sesiones\/\" class=\"more-link\">Seguir leyendo <span class=\"screen-reader-text\">Sesiones<\/span> <span class=\"meta-nav\">&rarr;<\/span><\/a><\/p>\n","protected":false},"author":299060,"featured_media":0,"parent":0,"menu_order":0,"comment_status":"open","ping_status":"open","template":"","meta":{"jetpack_post_was_ever_published":false,"footnotes":""},"class_list":["post-169635","page","type-page","status-publish","hentry"],"jetpack_shortlink":"https:\/\/wp.me\/P4mS4b-I83","jetpack_sharing_enabled":true,"jetpack_likes_enabled":true,"_links":{"self":[{"href":"https:\/\/mallorca.wordcamp.org\/2014-es\/wp-json\/wp\/v2\/pages\/169635","targetHints":{"allow":["GET"]}}],"collection":[{"href":"https:\/\/mallorca.wordcamp.org\/2014-es\/wp-json\/wp\/v2\/pages"}],"about":[{"href":"https:\/\/mallorca.wordcamp.org\/2014-es\/wp-json\/wp\/v2\/types\/page"}],"author":[{"embeddable":true,"href":"https:\/\/mallorca.wordcamp.org\/2014-es\/wp-json\/wp\/v2\/users\/299060"}],"replies":[{"embeddable":true,"href":"https:\/\/mallorca.wordcamp.org\/2014-es\/wp-json\/wp\/v2\/comments?post=169635"}],"version-history":[{"count":0,"href":"https:\/\/mallorca.wordcamp.org\/2014-es\/wp-json\/wp\/v2\/pages\/169635\/revisions"}],"wp:attachment":[{"href":"https:\/\/mallorca.wordcamp.org\/2014-es\/wp-json\/wp\/v2\/media?parent=169635"}],"curies":[{"name":"wp","href":"https:\/\/api.w.org\/{rel}","templated":true}]}}